{"id":10,"date":"2025-07-20T11:21:49","date_gmt":"2025-07-20T11:21:49","guid":{"rendered":"http:\/\/kos-info.com\/?page_id=10"},"modified":"2026-04-06T18:43:24","modified_gmt":"2026-04-06T15:43:24","slug":"how-to-get-around-in-kos","status":"publish","type":"page","link":"https:\/\/kos-info.com\/fr\/","title":{"rendered":"Complete Kos Bus Guide: Getting Around Without Driving"},"content":{"rendered":"<h1 class=\"wp-block-heading\">Your Complete Guide to Getting Around Kos by Public Bus<\/h1>\n\n\n\n<p id=\"bus-kos-island\">Kos Island offers unforgettable experiences\u2014from beaches and wineries to ancient archaeological sites. The good news? You don&#8217;t need a rental car to explore them all.<\/p>\n\n\n\n<p id=\"bus-kos-island\">Our comprehensive Kos bus guide shows you how to navigate the island efficiently and affordably using <a href=\"https:\/\/kos-info.com\/fr\/kos-intercity-bus-guide\/\" type=\"page\" id=\"15\">KTEL intercity buses<\/a> et <a href=\"https:\/\/kos-info.com\/fr\/kos-city-bus-guide\/\" type=\"page\" id=\"13\">Kos Near city buses<\/a>. Whether you&#8217;re <a href=\"https:\/\/kos-info.com\/fr\/how-to-get-around-in-kos\/how-to-go-to-kos-airport-by-bus\/\" type=\"page\" id=\"150\">coming from the airport<\/a>, exploring Kefalos, or <a href=\"https:\/\/kos-info.com\/fr\/how-to-get-around-in-kos\/kos-wineries-guide-best-wine-tastings-how-to-visit-without-driving\/\" type=\"page\" id=\"124\">discovering hidden wineries<\/a>, public transportation makes it easy, cheap, and reliable.<\/p>\n\n\n\n<p id=\"bus-kos-island\">Discover practical routes, real fares, and insider tips to get the most out of your stay.<\/p>\n\n\n\n<h2 class=\"wp-block-heading\" id=\"kos-bus-options\">Understanding Kos Public Transport: City Buses vs. Intercity Buses<\/h2>\n\n\n\n<p>Comme d'autres \u00eeles et territoires en Gr\u00e8ce, Cos poss\u00e8de deux r\u00e9seaux de bus publics :<\/p>\n\n\n\n<ul class=\"wp-block-list\">\n<li>KTEL KOS \/ \u039a\u03a4\u0395\u039b \u039a\u03a9\u03a3 : <a href=\"https:\/\/kos-info.com\/fr\/kos-intercity-bus-guide\/\" type=\"page\" id=\"15\">Kos island&#8217;s intercity bus network<\/a>, connecting Kos, the airport, and major cities of the island. All the islands major cities are connected, with Kos city and Kos airports acting as hubs.<\/li>\n\n\n\n<li>Kos Near Bus: <a href=\"https:\/\/kos-info.com\/fr\/kos-city-bus-guide\/\" type=\"page\" id=\"13\">Kos city&#8217;s bus network<\/a>, connecting some nearby sites and hotels to get around Kos city.<\/li>\n<\/ul>\n\n\n\n<h3 class=\"wp-block-heading\" id=\"kos-KTEL-bus\">Intercity Travel on Kos: KTEL KOS Bus Network Routes &amp; Schedules<\/h3>\n\n\n\n<p>KTEL KOS operates Kos Island&#8217;s primary intercity bus network, connecting the airport, city center, and all major municipalities. With frequent daily departures, affordable fares, and modern coaches, KTEL buses are the most convenient and budget-friendly way to explore destinations across the island\u2014from the quiet town of Kefalos to the vibrant beaches of Tigaki.<\/p>\n\n\n<div class=\"wp-block-image\">\n<figure class=\"aligncenter size-large is-resized\"><img loading=\"lazy\" decoding=\"async\" width=\"1024\" height=\"576\" src=\"http:\/\/kos-info.com\/wp-content\/uploads\/2025\/07\/65cf13ce-96ac-4fc7-a396-bfbc2050add7-edited-1024x576.png\" alt=\"Computer-generated image of a Kos Intercity Couch\" class=\"wp-image-38\" style=\"width:670px;height:auto\" title=\"Image de synth\u00e8se d&#039;un canap\u00e9 Kos Intercity\" srcset=\"https:\/\/kos-info.com\/wp-content\/uploads\/2025\/07\/65cf13ce-96ac-4fc7-a396-bfbc2050add7-edited-1024x576.png 1024w, https:\/\/kos-info.com\/wp-content\/uploads\/2025\/07\/65cf13ce-96ac-4fc7-a396-bfbc2050add7-edited-300x169.png 300w, https:\/\/kos-info.com\/wp-content\/uploads\/2025\/07\/65cf13ce-96ac-4fc7-a396-bfbc2050add7-edited-768x432.png 768w, https:\/\/kos-info.com\/wp-content\/uploads\/2025\/07\/65cf13ce-96ac-4fc7-a396-bfbc2050add7-edited.png 1536w\" sizes=\"auto, (max-width: 1024px) 100vw, 1024px\" \/><figcaption class=\"wp-element-caption\">KTEL Kos intercity coach bus for traveling between island destinations (illustration)<\/figcaption><\/figure>\n<\/div>\n\n\n<p>Key KTEL Bus Destinations Across Kos:<\/p>\n\n\n\n<ul class=\"wp-block-list\">\n<li>A\u00e9roport international de Kos \"Ippokratis\" - \u0394\u03b9\u03b5\u03b8\u03bd\u03ae\u03c2 \u0391\u03b5\u03c1\u03bf\u03bb\u03b9\u03bc\u03ad\u03bd\u03b1\u03c2 \u039a\u03c9 \"\u0399\u03c0\u03c0\u03bf\u03ba\u03c1\u03b1\u03c4\u03b7\u03c2\" (<a href=\"https:\/\/kos-info.com\/fr\/how-to-get-around-in-kos\/how-to-go-to-kos-airport-by-bus\/\">voir notre guide des bus de l'a\u00e9roport<\/a>)<\/li>\n\n\n\n<li>Cos ville (gare routi\u00e8re, guichet info) - \u039a\u03c9\u03c2<\/li>\n\n\n\n<li>Kefalos - \u039a\u03ad\u03c6\u03b1\u03bb\u03bf\u03c2<\/li>\n\n\n\n<li>Tigaki - \u03a4\u03b9\u03b3\u03ba\u03ac\u03ba\u03b9<\/li>\n\n\n\n<li>Marmari - \u039c\u03b1\u03c1\u03bc\u03ac\u03c1\u03b9<\/li>\n<\/ul>\n\n\n\n<p>For more info on how to move around with these busses go to our <a href=\"https:\/\/kos-info.com\/fr\/kos-intercity-bus-guide\/\" type=\"page\" id=\"15\">complete guide to KTEL intercity buses and routes<\/a>.<\/p>\n\n\n\n<h3 class=\"wp-block-heading\" id=\"kos-local-bus\">Dans la ville de Cos et ses alentours : Kos Near Bus<\/h3>\n\n\n\n\n\n\n\n<p>For more info on how to getting around Kos city and its surroundings, check our complete <a href=\"http:\/\/kos-info.com\/index.php\/kos-city-bus-guide\/\">Guide des bus de la ville de Kos.<\/a><\/p>\n\n\n\n<h3 class=\"wp-block-heading\">Exploring Kos City on Foot &amp; Bike<\/h3>\n\n\n\n<p>Kos town center is highly walkable, with most attractions, restaurants, and shops within a 15-minute walk. For visitors who prefer not to walk or want to explore surrounding neighborhoods, Kos Near Bus provides affordable local connections.<\/p>\n\n\n\n<p>The city also features dedicated cycling paths, making it an excellent option for budget-conscious and eco-friendly travelers. Whether you&#8217;re visiting <a href=\"https:\/\/kos-info.com\/fr\/kos-archaeological-sites-without-car\/\" type=\"page\" id=\"190\">archaeological sites<\/a>, local tavernas, or the waterfront promenade, short walks or quick bus rides will get you there.<\/p>\n\n\n\n<h2 class=\"wp-block-heading\">Frequently Asked Questions About Getting Around Kos<\/h2>\n\n\n\n<div class=\"schema-faq wp-block-yoast-faq-block\"><div class=\"schema-faq-section\" id=\"faq-question-1775490064555\"><strong class=\"schema-faq-question\"><strong>Is it best to take the bus or rent a car on Kos?<\/strong><\/strong> <p class=\"schema-faq-answer\">Public buses (KTEL and Kos Near) are significantly cheaper and are relatively frequent. Single KTEL fares average \u20ac2-4, while daily car rentals cost \u20ac30-50+. For week-long stays, renting a car gives you more freedom but buses along with select excursions can save hundreds of euros. <\/p> <\/div> <div class=\"schema-faq-section\" id=\"faq-question-1775490067905\"><strong class=\"schema-faq-question\"><strong>Do Kos buses operate year-round?<\/strong><\/strong> <p class=\"schema-faq-answer\">Some routes operate year-round with more frequent schedules during peak summer months (June-August).<\/p> <\/div> <div class=\"schema-faq-section\" id=\"faq-question-1775490068839\"><strong class=\"schema-faq-question\"><strong>Can I travel to Kos Airport by bus?<\/strong><\/strong> <p class=\"schema-faq-answer\">Yes! KTEL KOS runs regular bus service between Kos town and Ippokratis International Airport<br>(KGS). The journey takes approximately 30 minutes and cost only a few euros, making it really affordable. <a href=\"https:\/\/kos-info.com\/fr\/how-to-get-around-in-kos\/how-to-go-to-kos-airport-by-bus\/\" type=\"page\" id=\"150\">See our dedicated airport bus guide for details<\/a>.<\/p> <\/div> <div class=\"schema-faq-section\" id=\"faq-question-1775490000692\"><strong class=\"schema-faq-question\"><strong>Are buses accessible with suitcases?<\/strong><\/strong> <p class=\"schema-faq-answer\">Yes, KTEL intercity coaches have a lot of space for luggage while Kos city buses do accept luggage onboard, making it easy to travel without driving.<\/p> <\/div> <div class=\"schema-faq-section\" id=\"faq-question-1775490034623\"><strong class=\"schema-faq-question\"><strong>Is it possible to visit Kos vineyards by bus?<\/strong><\/strong> <p class=\"schema-faq-answer\">Absolutely, during peak season KTEL intercity buses are reaching most of Kos wineries. See our detailed guide on <a href=\"https:\/\/kos-info.com\/fr\/how-to-get-around-in-kos\/kos-wineries-guide-best-wine-tastings-how-to-visit-without-driving\/\" type=\"page\" id=\"124\">how to visit Kos wineries and discover local wines without a car<\/a>.<\/p> <\/div> <\/div>","protected":false},"excerpt":{"rendered":"<p>Your Complete Guide to Getting Around Kos by Public Bus Kos Island offers unforgettable experiences\u2014from beaches and wineries to ancient archaeological sites. The good news? You don&#8217;t need a rental car to explore them all. Our comprehensive Kos bus guide shows you how to navigate the island efficiently and affordably using KTEL intercity buses and&#8230;<\/p>","protected":false},"author":1,"featured_media":0,"parent":0,"menu_order":0,"comment_status":"closed","ping_status":"closed","template":"","meta":{"_kadence_starter_templates_imported_post":false,"_kad_post_transparent":"","_kad_post_title":"","_kad_post_layout":"","_kad_post_sidebar_id":"","_kad_post_content_style":"","_kad_post_vertical_padding":"","_kad_post_feature":"","_kad_post_feature_position":"","_kad_post_header":false,"_kad_post_footer":false,"_kad_post_classname":"","footnotes":""},"class_list":["post-10","page","type-page","status-publish","hentry"],"yoast_head":"<!-- This site is optimized with the Yoast SEO plugin v27.4 - https:\/\/yoast.com\/product\/yoast-seo-wordpress\/ -->\n<title>Complete Kos Bus Guide: Getting Around Without Driving - Kos-Info.com<\/title>\n<meta name=\"description\" content=\"Discover how to explore Kos by public bus. Complete guide to intercity &amp; local buses, routes, fares &amp; tips for budget travel on the island.\" \/>\n<meta name=\"robots\" content=\"index, follow, max-snippet:-1, max-image-preview:large, max-video-preview:-1\" \/>\n<link rel=\"canonical\" href=\"https:\/\/kos-info.com\/fr\/\" \/>\n<meta property=\"og:locale\" content=\"fr_FR\" \/>\n<meta property=\"og:type\" content=\"article\" \/>\n<meta property=\"og:title\" content=\"Complete Kos Bus Guide: Getting Around Without Driving - Kos-Info.com\" \/>\n<meta property=\"og:description\" content=\"Discover how to explore Kos by public bus. Complete guide to intercity &amp; local buses, routes, fares &amp; tips for budget travel on the island.\" \/>\n<meta property=\"og:url\" content=\"https:\/\/kos-info.com\/fr\/\" \/>\n<meta property=\"og:site_name\" content=\"Kos-Info.com\" \/>\n<meta property=\"article:modified_time\" content=\"2026-04-06T15:43:24+00:00\" \/>\n<meta property=\"og:image\" content=\"http:\/\/kos-info.com\/wp-content\/uploads\/2025\/07\/65cf13ce-96ac-4fc7-a396-bfbc2050add7-edited-1024x576.png\" \/>\n<meta name=\"twitter:card\" content=\"summary_large_image\" \/>\n<meta name=\"twitter:label1\" content=\"Dur\u00e9e de lecture estim\u00e9e\" \/>\n\t<meta name=\"twitter:data1\" content=\"4 minutes\" \/>\n<script type=\"application\/ld+json\" class=\"yoast-schema-graph\">{\"@context\":\"https:\\\/\\\/schema.org\",\"@graph\":[{\"@type\":[\"WebPage\",\"FAQPage\"],\"@id\":\"https:\\\/\\\/kos-info.com\\\/\",\"url\":\"https:\\\/\\\/kos-info.com\\\/\",\"name\":\"Complete Kos Bus Guide: Getting Around Without Driving - Kos-Info.com\",\"isPartOf\":{\"@id\":\"https:\\\/\\\/kos-info.com\\\/#website\"},\"primaryImageOfPage\":{\"@id\":\"https:\\\/\\\/kos-info.com\\\/#primaryimage\"},\"image\":{\"@id\":\"https:\\\/\\\/kos-info.com\\\/#primaryimage\"},\"thumbnailUrl\":\"http:\\\/\\\/kos-info.com\\\/wp-content\\\/uploads\\\/2025\\\/07\\\/65cf13ce-96ac-4fc7-a396-bfbc2050add7-edited-1024x576.png\",\"datePublished\":\"2025-07-20T11:21:49+00:00\",\"dateModified\":\"2026-04-06T15:43:24+00:00\",\"description\":\"Discover how to explore Kos by public bus. Complete guide to intercity & local buses, routes, fares & tips for budget travel on the island.\",\"breadcrumb\":{\"@id\":\"https:\\\/\\\/kos-info.com\\\/#breadcrumb\"},\"mainEntity\":[{\"@id\":\"https:\\\/\\\/kos-info.com\\\/#faq-question-1775490064555\"},{\"@id\":\"https:\\\/\\\/kos-info.com\\\/#faq-question-1775490067905\"},{\"@id\":\"https:\\\/\\\/kos-info.com\\\/#faq-question-1775490068839\"},{\"@id\":\"https:\\\/\\\/kos-info.com\\\/#faq-question-1775490000692\"},{\"@id\":\"https:\\\/\\\/kos-info.com\\\/#faq-question-1775490034623\"}],\"inLanguage\":\"fr-FR\",\"potentialAction\":[{\"@type\":\"ReadAction\",\"target\":[\"https:\\\/\\\/kos-info.com\\\/\"]}]},{\"@type\":\"ImageObject\",\"inLanguage\":\"fr-FR\",\"@id\":\"https:\\\/\\\/kos-info.com\\\/#primaryimage\",\"url\":\"http:\\\/\\\/kos-info.com\\\/wp-content\\\/uploads\\\/2025\\\/07\\\/65cf13ce-96ac-4fc7-a396-bfbc2050add7-edited-1024x576.png\",\"contentUrl\":\"http:\\\/\\\/kos-info.com\\\/wp-content\\\/uploads\\\/2025\\\/07\\\/65cf13ce-96ac-4fc7-a396-bfbc2050add7-edited-1024x576.png\"},{\"@type\":\"BreadcrumbList\",\"@id\":\"https:\\\/\\\/kos-info.com\\\/#breadcrumb\",\"itemListElement\":[{\"@type\":\"ListItem\",\"position\":1,\"name\":\"Home\",\"item\":\"https:\\\/\\\/kos-info.com\\\/\"},{\"@type\":\"ListItem\",\"position\":2,\"name\":\"Complete Kos Bus Guide: Getting Around Without Driving\"}]},{\"@type\":\"WebSite\",\"@id\":\"https:\\\/\\\/kos-info.com\\\/#website\",\"url\":\"https:\\\/\\\/kos-info.com\\\/\",\"name\":\"Kos-Info.com\",\"description\":\"Your public transport guide in Kos\",\"publisher\":{\"@id\":\"https:\\\/\\\/kos-info.com\\\/#organization\"},\"potentialAction\":[{\"@type\":\"SearchAction\",\"target\":{\"@type\":\"EntryPoint\",\"urlTemplate\":\"https:\\\/\\\/kos-info.com\\\/?s={search_term_string}\"},\"query-input\":{\"@type\":\"PropertyValueSpecification\",\"valueRequired\":true,\"valueName\":\"search_term_string\"}}],\"inLanguage\":\"fr-FR\"},{\"@type\":\"Organization\",\"@id\":\"https:\\\/\\\/kos-info.com\\\/#organization\",\"name\":\"Kos-Info.com\",\"url\":\"https:\\\/\\\/kos-info.com\\\/\",\"logo\":{\"@type\":\"ImageObject\",\"inLanguage\":\"fr-FR\",\"@id\":\"https:\\\/\\\/kos-info.com\\\/#\\\/schema\\\/logo\\\/image\\\/\",\"url\":\"https:\\\/\\\/kos-info.com\\\/wp-content\\\/uploads\\\/2025\\\/07\\\/BCO.eba4d019-dcf8-45b7-8004-8c1a022b03d0.png\",\"contentUrl\":\"https:\\\/\\\/kos-info.com\\\/wp-content\\\/uploads\\\/2025\\\/07\\\/BCO.eba4d019-dcf8-45b7-8004-8c1a022b03d0.png\",\"width\":1024,\"height\":1024,\"caption\":\"Kos-Info.com\"},\"image\":{\"@id\":\"https:\\\/\\\/kos-info.com\\\/#\\\/schema\\\/logo\\\/image\\\/\"}},{\"@type\":\"Question\",\"@id\":\"https:\\\/\\\/kos-info.com\\\/#faq-question-1775490064555\",\"position\":1,\"url\":\"https:\\\/\\\/kos-info.com\\\/#faq-question-1775490064555\",\"name\":\"Is it best to take the bus or rent a car on Kos?\",\"answerCount\":1,\"acceptedAnswer\":{\"@type\":\"Answer\",\"text\":\"Public buses (KTEL and Kos Near) are significantly cheaper and are relatively frequent. Single KTEL fares average \u20ac2-4, while daily car rentals cost \u20ac30-50+. For week-long stays, renting a car gives you more freedom but buses along with select excursions can save hundreds of euros. \",\"inLanguage\":\"fr-FR\"},\"inLanguage\":\"fr-FR\"},{\"@type\":\"Question\",\"@id\":\"https:\\\/\\\/kos-info.com\\\/#faq-question-1775490067905\",\"position\":2,\"url\":\"https:\\\/\\\/kos-info.com\\\/#faq-question-1775490067905\",\"name\":\"Do Kos buses operate year-round?\",\"answerCount\":1,\"acceptedAnswer\":{\"@type\":\"Answer\",\"text\":\"Some routes operate year-round with more frequent schedules during peak summer months (June-August).\",\"inLanguage\":\"fr-FR\"},\"inLanguage\":\"fr-FR\"},{\"@type\":\"Question\",\"@id\":\"https:\\\/\\\/kos-info.com\\\/#faq-question-1775490068839\",\"position\":3,\"url\":\"https:\\\/\\\/kos-info.com\\\/#faq-question-1775490068839\",\"name\":\"Can I travel to Kos Airport by bus?\",\"answerCount\":1,\"acceptedAnswer\":{\"@type\":\"Answer\",\"text\":\"Yes! KTEL KOS runs regular bus service between Kos town and Ippokratis International Airport<br>(KGS). The journey takes approximately 30 minutes and cost only a few euros, making it really affordable. <a href=\\\"https:\\\/\\\/kos-info.com\\\/how-to-get-around-in-kos\\\/how-to-go-to-kos-airport-by-bus\\\/\\\" type=\\\"page\\\" id=\\\"150\\\">See our dedicated airport bus guide for details<\\\/a>.\",\"inLanguage\":\"fr-FR\"},\"inLanguage\":\"fr-FR\"},{\"@type\":\"Question\",\"@id\":\"https:\\\/\\\/kos-info.com\\\/#faq-question-1775490000692\",\"position\":4,\"url\":\"https:\\\/\\\/kos-info.com\\\/#faq-question-1775490000692\",\"name\":\"Are buses accessible with suitcases?\",\"answerCount\":1,\"acceptedAnswer\":{\"@type\":\"Answer\",\"text\":\"Yes, KTEL intercity coaches have a lot of space for luggage while Kos city buses do accept luggage onboard, making it easy to travel without driving.\",\"inLanguage\":\"fr-FR\"},\"inLanguage\":\"fr-FR\"},{\"@type\":\"Question\",\"@id\":\"https:\\\/\\\/kos-info.com\\\/#faq-question-1775490034623\",\"position\":5,\"url\":\"https:\\\/\\\/kos-info.com\\\/#faq-question-1775490034623\",\"name\":\"Is it possible to visit Kos vineyards by bus?\",\"answerCount\":1,\"acceptedAnswer\":{\"@type\":\"Answer\",\"text\":\"Absolutely, during peak season KTEL intercity buses are reaching most of Kos wineries. See our detailed guide on <a href=\\\"https:\\\/\\\/kos-info.com\\\/how-to-get-around-in-kos\\\/kos-wineries-guide-best-wine-tastings-how-to-visit-without-driving\\\/\\\" type=\\\"page\\\" id=\\\"124\\\">how to visit Kos wineries and discover local wines without a car<\\\/a>.\",\"inLanguage\":\"fr-FR\"},\"inLanguage\":\"fr-FR\"}]}<\/script>\n<!-- \/ Yoast SEO plugin. -->","yoast_head_json":{"title":"Complete Kos Bus Guide: Getting Around Without Driving - Kos-Info.com","description":"Discover how to explore Kos by public bus. Complete guide to intercity & local buses, routes, fares & tips for budget travel on the island.","robots":{"index":"index","follow":"follow","max-snippet":"max-snippet:-1","max-image-preview":"max-image-preview:large","max-video-preview":"max-video-preview:-1"},"canonical":"https:\/\/kos-info.com\/fr\/","og_locale":"fr_FR","og_type":"article","og_title":"Complete Kos Bus Guide: Getting Around Without Driving - Kos-Info.com","og_description":"Discover how to explore Kos by public bus. Complete guide to intercity & local buses, routes, fares & tips for budget travel on the island.","og_url":"https:\/\/kos-info.com\/fr\/","og_site_name":"Kos-Info.com","article_modified_time":"2026-04-06T15:43:24+00:00","og_image":[{"url":"http:\/\/kos-info.com\/wp-content\/uploads\/2025\/07\/65cf13ce-96ac-4fc7-a396-bfbc2050add7-edited-1024x576.png","type":"","width":"","height":""}],"twitter_card":"summary_large_image","twitter_misc":{"Dur\u00e9e de lecture estim\u00e9e":"4 minutes"},"schema":{"@context":"https:\/\/schema.org","@graph":[{"@type":["WebPage","FAQPage"],"@id":"https:\/\/kos-info.com\/","url":"https:\/\/kos-info.com\/","name":"Complete Kos Bus Guide: Getting Around Without Driving - Kos-Info.com","isPartOf":{"@id":"https:\/\/kos-info.com\/#website"},"primaryImageOfPage":{"@id":"https:\/\/kos-info.com\/#primaryimage"},"image":{"@id":"https:\/\/kos-info.com\/#primaryimage"},"thumbnailUrl":"http:\/\/kos-info.com\/wp-content\/uploads\/2025\/07\/65cf13ce-96ac-4fc7-a396-bfbc2050add7-edited-1024x576.png","datePublished":"2025-07-20T11:21:49+00:00","dateModified":"2026-04-06T15:43:24+00:00","description":"Discover how to explore Kos by public bus. Complete guide to intercity & local buses, routes, fares & tips for budget travel on the island.","breadcrumb":{"@id":"https:\/\/kos-info.com\/#breadcrumb"},"mainEntity":[{"@id":"https:\/\/kos-info.com\/#faq-question-1775490064555"},{"@id":"https:\/\/kos-info.com\/#faq-question-1775490067905"},{"@id":"https:\/\/kos-info.com\/#faq-question-1775490068839"},{"@id":"https:\/\/kos-info.com\/#faq-question-1775490000692"},{"@id":"https:\/\/kos-info.com\/#faq-question-1775490034623"}],"inLanguage":"fr-FR","potentialAction":[{"@type":"ReadAction","target":["https:\/\/kos-info.com\/"]}]},{"@type":"ImageObject","inLanguage":"fr-FR","@id":"https:\/\/kos-info.com\/#primaryimage","url":"http:\/\/kos-info.com\/wp-content\/uploads\/2025\/07\/65cf13ce-96ac-4fc7-a396-bfbc2050add7-edited-1024x576.png","contentUrl":"http:\/\/kos-info.com\/wp-content\/uploads\/2025\/07\/65cf13ce-96ac-4fc7-a396-bfbc2050add7-edited-1024x576.png"},{"@type":"BreadcrumbList","@id":"https:\/\/kos-info.com\/#breadcrumb","itemListElement":[{"@type":"ListItem","position":1,"name":"Home","item":"https:\/\/kos-info.com\/"},{"@type":"ListItem","position":2,"name":"Complete Kos Bus Guide: Getting Around Without Driving"}]},{"@type":"WebSite","@id":"https:\/\/kos-info.com\/#website","url":"https:\/\/kos-info.com\/","name":"Kos-Info.com","description":"Votre guide des transports publics \u00e0 Kos","publisher":{"@id":"https:\/\/kos-info.com\/#organization"},"potentialAction":[{"@type":"SearchAction","target":{"@type":"EntryPoint","urlTemplate":"https:\/\/kos-info.com\/?s={search_term_string}"},"query-input":{"@type":"PropertyValueSpecification","valueRequired":true,"valueName":"search_term_string"}}],"inLanguage":"fr-FR"},{"@type":"Organization","@id":"https:\/\/kos-info.com\/#organization","name":"Kos-Info.com","url":"https:\/\/kos-info.com\/","logo":{"@type":"ImageObject","inLanguage":"fr-FR","@id":"https:\/\/kos-info.com\/#\/schema\/logo\/image\/","url":"https:\/\/kos-info.com\/wp-content\/uploads\/2025\/07\/BCO.eba4d019-dcf8-45b7-8004-8c1a022b03d0.png","contentUrl":"https:\/\/kos-info.com\/wp-content\/uploads\/2025\/07\/BCO.eba4d019-dcf8-45b7-8004-8c1a022b03d0.png","width":1024,"height":1024,"caption":"Kos-Info.com"},"image":{"@id":"https:\/\/kos-info.com\/#\/schema\/logo\/image\/"}},{"@type":"Question","@id":"https:\/\/kos-info.com\/#faq-question-1775490064555","position":1,"url":"https:\/\/kos-info.com\/#faq-question-1775490064555","name":"Is it best to take the bus or rent a car on Kos?","answerCount":1,"acceptedAnswer":{"@type":"Answer","text":"Public buses (KTEL and Kos Near) are significantly cheaper and are relatively frequent. Single KTEL fares average \u20ac2-4, while daily car rentals cost \u20ac30-50+. For week-long stays, renting a car gives you more freedom but buses along with select excursions can save hundreds of euros. ","inLanguage":"fr-FR"},"inLanguage":"fr-FR"},{"@type":"Question","@id":"https:\/\/kos-info.com\/#faq-question-1775490067905","position":2,"url":"https:\/\/kos-info.com\/#faq-question-1775490067905","name":"Do Kos buses operate year-round?","answerCount":1,"acceptedAnswer":{"@type":"Answer","text":"Some routes operate year-round with more frequent schedules during peak summer months (June-August).","inLanguage":"fr-FR"},"inLanguage":"fr-FR"},{"@type":"Question","@id":"https:\/\/kos-info.com\/#faq-question-1775490068839","position":3,"url":"https:\/\/kos-info.com\/#faq-question-1775490068839","name":"Can I travel to Kos Airport by bus?","answerCount":1,"acceptedAnswer":{"@type":"Answer","text":"Yes! KTEL KOS runs regular bus service between Kos town and Ippokratis International Airport<br>(KGS). The journey takes approximately 30 minutes and cost only a few euros, making it really affordable. <a href=\"https:\/\/kos-info.com\/how-to-get-around-in-kos\/how-to-go-to-kos-airport-by-bus\/\" type=\"page\" id=\"150\">See our dedicated airport bus guide for details<\/a>.","inLanguage":"fr-FR"},"inLanguage":"fr-FR"},{"@type":"Question","@id":"https:\/\/kos-info.com\/#faq-question-1775490000692","position":4,"url":"https:\/\/kos-info.com\/#faq-question-1775490000692","name":"Are buses accessible with suitcases?","answerCount":1,"acceptedAnswer":{"@type":"Answer","text":"Yes, KTEL intercity coaches have a lot of space for luggage while Kos city buses do accept luggage onboard, making it easy to travel without driving.","inLanguage":"fr-FR"},"inLanguage":"fr-FR"},{"@type":"Question","@id":"https:\/\/kos-info.com\/#faq-question-1775490034623","position":5,"url":"https:\/\/kos-info.com\/#faq-question-1775490034623","name":"Is it possible to visit Kos vineyards by bus?","answerCount":1,"acceptedAnswer":{"@type":"Answer","text":"Absolutely, during peak season KTEL intercity buses are reaching most of Kos wineries. See our detailed guide on <a href=\"https:\/\/kos-info.com\/how-to-get-around-in-kos\/kos-wineries-guide-best-wine-tastings-how-to-visit-without-driving\/\" type=\"page\" id=\"124\">how to visit Kos wineries and discover local wines without a car<\/a>.","inLanguage":"fr-FR"},"inLanguage":"fr-FR"}]}},"_links":{"self":[{"href":"https:\/\/kos-info.com\/fr\/wp-json\/wp\/v2\/pages\/10","targetHints":{"allow":["GET"]}}],"collection":[{"href":"https:\/\/kos-info.com\/fr\/wp-json\/wp\/v2\/pages"}],"about":[{"href":"https:\/\/kos-info.com\/fr\/wp-json\/wp\/v2\/types\/page"}],"author":[{"embeddable":true,"href":"https:\/\/kos-info.com\/fr\/wp-json\/wp\/v2\/users\/1"}],"replies":[{"embeddable":true,"href":"https:\/\/kos-info.com\/fr\/wp-json\/wp\/v2\/comments?post=10"}],"version-history":[{"count":20,"href":"https:\/\/kos-info.com\/fr\/wp-json\/wp\/v2\/pages\/10\/revisions"}],"predecessor-version":[{"id":212,"href":"https:\/\/kos-info.com\/fr\/wp-json\/wp\/v2\/pages\/10\/revisions\/212"}],"wp:attachment":[{"href":"https:\/\/kos-info.com\/fr\/wp-json\/wp\/v2\/media?parent=10"}],"curies":[{"name":"wp","href":"https:\/\/api.w.org\/{rel}","templated":true}]}}