{"id":2,"date":"2025-07-19T20:45:47","date_gmt":"2025-07-19T20:45:47","guid":{"rendered":"http:\/\/kos-info.com\/?page_id=2"},"modified":"2026-04-06T18:51:56","modified_gmt":"2026-04-06T15:51:56","slug":"about","status":"publish","type":"page","link":"https:\/\/kos-info.com\/fr\/about\/","title":{"rendered":"A propos de nous"},"content":{"rendered":"<h2 class=\"wp-block-heading\"><strong>A propos de Kos-Info.com<\/strong><\/h2>\n\n\n\n<p>Vous cherchez \u00e0 vous d\u00e9placer dans Kos avec les transports en commun ? Curieux de d\u00e9couvrir les joyaux de Kos, mais perdu dans les options locales ? Kos-Info.com est l\u00e0 pour vous aider !<\/p>\n\n\n\n<p id=\"about\">Kos-Info.com is an independent guide dedicated to helping visitors explore Kos, Greece \u2014 without necessarily renting a car. From bus timetables to hidden gems, our goal is to give you practical, honest, and up-to-date information so you can make the most of your trip.<br>\ud83d\udc49\u00a0<a href=\"https:\/\/kos-info.com\/fr\/\">Discover all our Kos travel guides<\/a> <\/p>\n\n\n\n<p id=\"about\">We are not affiliated with Kos authorities nor its transport companies.<\/p>\n\n\n\n<p><\/p>","protected":false},"excerpt":{"rendered":"<p>About Kos-Info.com Looking to get around Kos with public transportation ? Curious about Kos&#8217; gems but lost with the local options ? Kos-Info.com is here to help! Kos-Info.com is an independent guide dedicated to helping visitors explore Kos, Greece \u2014 without necessarily renting a car. From bus timetables to hidden gems, our goal is to&#8230;<\/p>","protected":false},"author":1,"featured_media":0,"parent":0,"menu_order":0,"comment_status":"closed","ping_status":"closed","template":"","meta":{"_kadence_starter_templates_imported_post":false,"_kad_post_transparent":"","_kad_post_title":"","_kad_post_layout":"","_kad_post_sidebar_id":"","_kad_post_content_style":"","_kad_post_vertical_padding":"","_kad_post_feature":"","_kad_post_feature_position":"","_kad_post_header":false,"_kad_post_footer":false,"_kad_post_classname":"","footnotes":""},"class_list":["post-2","page","type-page","status-publish","hentry"],"yoast_head":"<!-- This site is optimized with the Yoast SEO plugin v27.4 - https:\/\/yoast.com\/product\/yoast-seo-wordpress\/ -->\n<title>About us - Kos-Info.com<\/title>\n<meta name=\"description\" content=\"Kos-Info.com is an independent guide dedicated to helping visitors explore Kos, Greece \u2014 without renting a car.\" \/>\n<meta name=\"robots\" content=\"index, follow, max-snippet:-1, max-image-preview:large, max-video-preview:-1\" \/>\n<link rel=\"canonical\" href=\"https:\/\/kos-info.com\/fr\/about\/\" \/>\n<meta property=\"og:locale\" content=\"fr_FR\" \/>\n<meta property=\"og:type\" content=\"article\" \/>\n<meta property=\"og:title\" content=\"About us - Kos-Info.com\" \/>\n<meta property=\"og:description\" content=\"Kos-Info.com is an independent guide dedicated to helping visitors explore Kos, Greece \u2014 without renting a car.\" \/>\n<meta property=\"og:url\" content=\"https:\/\/kos-info.com\/fr\/about\/\" \/>\n<meta property=\"og:site_name\" content=\"Kos-Info.com\" \/>\n<meta property=\"article:modified_time\" content=\"2026-04-06T15:51:56+00:00\" \/>\n<meta name=\"twitter:card\" content=\"summary_large_image\" \/>\n<meta name=\"twitter:label1\" content=\"Dur\u00e9e de lecture estim\u00e9e\" \/>\n\t<meta name=\"twitter:data1\" content=\"1 minute\" \/>\n<script type=\"application\/ld+json\" class=\"yoast-schema-graph\">{\"@context\":\"https:\\\/\\\/schema.org\",\"@graph\":[{\"@type\":[\"WebPage\",\"AboutPage\"],\"@id\":\"https:\\\/\\\/kos-info.com\\\/about\\\/\",\"url\":\"https:\\\/\\\/kos-info.com\\\/about\\\/\",\"name\":\"About us - Kos-Info.com\",\"isPartOf\":{\"@id\":\"https:\\\/\\\/kos-info.com\\\/#website\"},\"datePublished\":\"2025-07-19T20:45:47+00:00\",\"dateModified\":\"2026-04-06T15:51:56+00:00\",\"description\":\"Kos-Info.com is an independent guide dedicated to helping visitors explore Kos, Greece \u2014 without renting a car.\",\"breadcrumb\":{\"@id\":\"https:\\\/\\\/kos-info.com\\\/about\\\/#breadcrumb\"},\"inLanguage\":\"fr-FR\",\"potentialAction\":[{\"@type\":\"ReadAction\",\"target\":[\"https:\\\/\\\/kos-info.com\\\/about\\\/\"]}]},{\"@type\":\"BreadcrumbList\",\"@id\":\"https:\\\/\\\/kos-info.com\\\/about\\\/#breadcrumb\",\"itemListElement\":[{\"@type\":\"ListItem\",\"position\":1,\"name\":\"Home\",\"item\":\"https:\\\/\\\/kos-info.com\\\/\"},{\"@type\":\"ListItem\",\"position\":2,\"name\":\"About us\"}]},{\"@type\":\"WebSite\",\"@id\":\"https:\\\/\\\/kos-info.com\\\/#website\",\"url\":\"https:\\\/\\\/kos-info.com\\\/\",\"name\":\"Kos-Info.com\",\"description\":\"Your public transport guide in Kos\",\"publisher\":{\"@id\":\"https:\\\/\\\/kos-info.com\\\/#organization\"},\"potentialAction\":[{\"@type\":\"SearchAction\",\"target\":{\"@type\":\"EntryPoint\",\"urlTemplate\":\"https:\\\/\\\/kos-info.com\\\/?s={search_term_string}\"},\"query-input\":{\"@type\":\"PropertyValueSpecification\",\"valueRequired\":true,\"valueName\":\"search_term_string\"}}],\"inLanguage\":\"fr-FR\"},{\"@type\":\"Organization\",\"@id\":\"https:\\\/\\\/kos-info.com\\\/#organization\",\"name\":\"Kos-Info.com\",\"url\":\"https:\\\/\\\/kos-info.com\\\/\",\"logo\":{\"@type\":\"ImageObject\",\"inLanguage\":\"fr-FR\",\"@id\":\"https:\\\/\\\/kos-info.com\\\/#\\\/schema\\\/logo\\\/image\\\/\",\"url\":\"https:\\\/\\\/kos-info.com\\\/wp-content\\\/uploads\\\/2025\\\/07\\\/BCO.eba4d019-dcf8-45b7-8004-8c1a022b03d0.png\",\"contentUrl\":\"https:\\\/\\\/kos-info.com\\\/wp-content\\\/uploads\\\/2025\\\/07\\\/BCO.eba4d019-dcf8-45b7-8004-8c1a022b03d0.png\",\"width\":1024,\"height\":1024,\"caption\":\"Kos-Info.com\"},\"image\":{\"@id\":\"https:\\\/\\\/kos-info.com\\\/#\\\/schema\\\/logo\\\/image\\\/\"}}]}<\/script>\n<!-- \/ Yoast SEO plugin. -->","yoast_head_json":{"title":"About us - Kos-Info.com","description":"Kos-Info.com is an independent guide dedicated to helping visitors explore Kos, Greece \u2014 without renting a car.","robots":{"index":"index","follow":"follow","max-snippet":"max-snippet:-1","max-image-preview":"max-image-preview:large","max-video-preview":"max-video-preview:-1"},"canonical":"https:\/\/kos-info.com\/fr\/about\/","og_locale":"fr_FR","og_type":"article","og_title":"About us - Kos-Info.com","og_description":"Kos-Info.com is an independent guide dedicated to helping visitors explore Kos, Greece \u2014 without renting a car.","og_url":"https:\/\/kos-info.com\/fr\/about\/","og_site_name":"Kos-Info.com","article_modified_time":"2026-04-06T15:51:56+00:00","twitter_card":"summary_large_image","twitter_misc":{"Dur\u00e9e de lecture estim\u00e9e":"1 minute"},"schema":{"@context":"https:\/\/schema.org","@graph":[{"@type":["WebPage","AboutPage"],"@id":"https:\/\/kos-info.com\/about\/","url":"https:\/\/kos-info.com\/about\/","name":"About us - Kos-Info.com","isPartOf":{"@id":"https:\/\/kos-info.com\/#website"},"datePublished":"2025-07-19T20:45:47+00:00","dateModified":"2026-04-06T15:51:56+00:00","description":"Kos-Info.com is an independent guide dedicated to helping visitors explore Kos, Greece \u2014 without renting a car.","breadcrumb":{"@id":"https:\/\/kos-info.com\/about\/#breadcrumb"},"inLanguage":"fr-FR","potentialAction":[{"@type":"ReadAction","target":["https:\/\/kos-info.com\/about\/"]}]},{"@type":"BreadcrumbList","@id":"https:\/\/kos-info.com\/about\/#breadcrumb","itemListElement":[{"@type":"ListItem","position":1,"name":"Home","item":"https:\/\/kos-info.com\/"},{"@type":"ListItem","position":2,"name":"About us"}]},{"@type":"WebSite","@id":"https:\/\/kos-info.com\/#website","url":"https:\/\/kos-info.com\/","name":"Kos-Info.com","description":"Votre guide des transports publics \u00e0 Kos","publisher":{"@id":"https:\/\/kos-info.com\/#organization"},"potentialAction":[{"@type":"SearchAction","target":{"@type":"EntryPoint","urlTemplate":"https:\/\/kos-info.com\/?s={search_term_string}"},"query-input":{"@type":"PropertyValueSpecification","valueRequired":true,"valueName":"search_term_string"}}],"inLanguage":"fr-FR"},{"@type":"Organization","@id":"https:\/\/kos-info.com\/#organization","name":"Kos-Info.com","url":"https:\/\/kos-info.com\/","logo":{"@type":"ImageObject","inLanguage":"fr-FR","@id":"https:\/\/kos-info.com\/#\/schema\/logo\/image\/","url":"https:\/\/kos-info.com\/wp-content\/uploads\/2025\/07\/BCO.eba4d019-dcf8-45b7-8004-8c1a022b03d0.png","contentUrl":"https:\/\/kos-info.com\/wp-content\/uploads\/2025\/07\/BCO.eba4d019-dcf8-45b7-8004-8c1a022b03d0.png","width":1024,"height":1024,"caption":"Kos-Info.com"},"image":{"@id":"https:\/\/kos-info.com\/#\/schema\/logo\/image\/"}}]}},"_links":{"self":[{"href":"https:\/\/kos-info.com\/fr\/wp-json\/wp\/v2\/pages\/2","targetHints":{"allow":["GET"]}}],"collection":[{"href":"https:\/\/kos-info.com\/fr\/wp-json\/wp\/v2\/pages"}],"about":[{"href":"https:\/\/kos-info.com\/fr\/wp-json\/wp\/v2\/types\/page"}],"author":[{"embeddable":true,"href":"https:\/\/kos-info.com\/fr\/wp-json\/wp\/v2\/users\/1"}],"replies":[{"embeddable":true,"href":"https:\/\/kos-info.com\/fr\/wp-json\/wp\/v2\/comments?post=2"}],"version-history":[{"count":4,"href":"https:\/\/kos-info.com\/fr\/wp-json\/wp\/v2\/pages\/2\/revisions"}],"predecessor-version":[{"id":199,"href":"https:\/\/kos-info.com\/fr\/wp-json\/wp\/v2\/pages\/2\/revisions\/199"}],"wp:attachment":[{"href":"https:\/\/kos-info.com\/fr\/wp-json\/wp\/v2\/media?parent=2"}],"curies":[{"name":"wp","href":"https:\/\/api.w.org\/{rel}","templated":true}]}}