{"id":3,"date":"2025-07-19T20:45:47","date_gmt":"2025-07-19T20:45:47","guid":{"rendered":"http:\/\/kos-info.com\/?page_id=3"},"modified":"2025-07-21T12:59:50","modified_gmt":"2025-07-21T12:59:50","slug":"privacy-policy","status":"publish","type":"page","link":"https:\/\/kos-info.com\/fr\/about\/privacy-policy\/","title":{"rendered":"Politique de confidentialit\u00e9"},"content":{"rendered":"<h2 class=\"wp-block-heading\">Qui sommes-nous ?<\/h2>\n\n\n\n<p>L'adresse de notre site web est : http:\/\/kos-info.com. Nous fournissons des conseils sur le transport de Kos et sur des sujets connexes. Les informations fournies doivent toujours \u00eatre v\u00e9rifi\u00e9es aupr\u00e8s des compagnies de transport locales et des chauffeurs.<\/p>\n\n\n\n<p>Kos-Info.com n'accepte aucune responsabilit\u00e9 pour tout probl\u00e8me ou incident caus\u00e9 par les informations fournies. Les utilisateurs sont invit\u00e9s \u00e0 contacter la compagnie de transport concern\u00e9e pour toute question relative \u00e0 ses services.<\/p>\n\n\n\n<h2 class=\"wp-block-heading\">Cookies<\/h2>\n\n\n\n<p>Ce site web et ses partenaires utilisent des cookies pour mieux comprendre le comportement des utilisateurs, am\u00e9liorer l'exp\u00e9rience fournie, afficher des publicit\u00e9s personnalis\u00e9es et pertinentes ainsi que pour surveiller le trafic du site web. Une banni\u00e8re fournissant plus d'informations sur les cookies et leur utilisation, ainsi que demandant votre approbation, s'affiche lors de la premi\u00e8re visite.<\/p>\n\n\n\n<h2 class=\"wp-block-heading\">Contenu int\u00e9gr\u00e9 d'autres sites web<\/h2>\n\n\n\n<p>Ces sites web peuvent collecter des donn\u00e9es vous concernant, utiliser des cookies, int\u00e9grer un suivi suppl\u00e9mentaire par des tiers et surveiller votre interaction avec ce contenu int\u00e9gr\u00e9, y compris votre interaction avec le contenu int\u00e9gr\u00e9 si vous avez un compte et \u00eates connect\u00e9 \u00e0 ce site web (par exemple, l'int\u00e9gration de cartes).<\/p>","protected":false},"excerpt":{"rendered":"<p>Who we are Our website address is: http:\/\/kos-info.com. We provide advice on Kos transportation and related topics. The provided information should always be checked with the local transportation companies and the drivers. Kos-Info.com accepts no liability for any issue or incident caused by the provided info. Users are invited to contact the relevant transport company&#8230;<\/p>","protected":false},"author":1,"featured_media":0,"parent":2,"menu_order":0,"comment_status":"closed","ping_status":"closed","template":"","meta":{"_kadence_starter_templates_imported_post":false,"_kad_post_transparent":"","_kad_post_title":"","_kad_post_layout":"","_kad_post_sidebar_id":"","_kad_post_content_style":"","_kad_post_vertical_padding":"","_kad_post_feature":"","_kad_post_feature_position":"","_kad_post_header":false,"_kad_post_footer":false,"_kad_post_classname":"","footnotes":""},"class_list":["post-3","page","type-page","status-publish","hentry"],"yoast_head":"<!-- This site is optimized with the Yoast SEO plugin v27.4 - https:\/\/yoast.com\/product\/yoast-seo-wordpress\/ -->\n<title>Privacy Policy - Kos-Info.com<\/title>\n<meta name=\"robots\" content=\"index, follow, max-snippet:-1, max-image-preview:large, max-video-preview:-1\" \/>\n<link rel=\"canonical\" href=\"https:\/\/kos-info.com\/fr\/about\/privacy-policy\/\" \/>\n<meta property=\"og:locale\" content=\"fr_FR\" \/>\n<meta property=\"og:type\" content=\"article\" \/>\n<meta property=\"og:title\" content=\"Privacy Policy - Kos-Info.com\" \/>\n<meta property=\"og:description\" content=\"Who we are Our website address is: http:\/\/kos-info.com. We provide advice on Kos transportation and related topics. The provided information should always be checked with the local transportation companies and the drivers. Kos-Info.com accepts no liability for any issue or incident caused by the provided info. Users are invited to contact the relevant transport company...\" \/>\n<meta property=\"og:url\" content=\"https:\/\/kos-info.com\/fr\/about\/privacy-policy\/\" \/>\n<meta property=\"og:site_name\" content=\"Kos-Info.com\" \/>\n<meta property=\"article:modified_time\" content=\"2025-07-21T12:59:50+00:00\" \/>\n<meta name=\"twitter:card\" content=\"summary_large_image\" \/>\n<meta name=\"twitter:label1\" content=\"Dur\u00e9e de lecture estim\u00e9e\" \/>\n\t<meta name=\"twitter:data1\" content=\"1 minute\" \/>\n<script type=\"application\/ld+json\" class=\"yoast-schema-graph\">{\"@context\":\"https:\\\/\\\/schema.org\",\"@graph\":[{\"@type\":\"WebPage\",\"@id\":\"https:\\\/\\\/kos-info.com\\\/about\\\/privacy-policy\\\/\",\"url\":\"https:\\\/\\\/kos-info.com\\\/about\\\/privacy-policy\\\/\",\"name\":\"Privacy Policy - Kos-Info.com\",\"isPartOf\":{\"@id\":\"https:\\\/\\\/kos-info.com\\\/#website\"},\"datePublished\":\"2025-07-19T20:45:47+00:00\",\"dateModified\":\"2025-07-21T12:59:50+00:00\",\"breadcrumb\":{\"@id\":\"https:\\\/\\\/kos-info.com\\\/about\\\/privacy-policy\\\/#breadcrumb\"},\"inLanguage\":\"fr-FR\",\"potentialAction\":[{\"@type\":\"ReadAction\",\"target\":[\"https:\\\/\\\/kos-info.com\\\/about\\\/privacy-policy\\\/\"]}]},{\"@type\":\"BreadcrumbList\",\"@id\":\"https:\\\/\\\/kos-info.com\\\/about\\\/privacy-policy\\\/#breadcrumb\",\"itemListElement\":[{\"@type\":\"ListItem\",\"position\":1,\"name\":\"Home\",\"item\":\"https:\\\/\\\/kos-info.com\\\/\"},{\"@type\":\"ListItem\",\"position\":2,\"name\":\"About us\",\"item\":\"https:\\\/\\\/kos-info.com\\\/about\\\/\"},{\"@type\":\"ListItem\",\"position\":3,\"name\":\"Privacy Policy\"}]},{\"@type\":\"WebSite\",\"@id\":\"https:\\\/\\\/kos-info.com\\\/#website\",\"url\":\"https:\\\/\\\/kos-info.com\\\/\",\"name\":\"Kos-Info.com\",\"description\":\"Your public transport guide in Kos\",\"publisher\":{\"@id\":\"https:\\\/\\\/kos-info.com\\\/#organization\"},\"potentialAction\":[{\"@type\":\"SearchAction\",\"target\":{\"@type\":\"EntryPoint\",\"urlTemplate\":\"https:\\\/\\\/kos-info.com\\\/?s={search_term_string}\"},\"query-input\":{\"@type\":\"PropertyValueSpecification\",\"valueRequired\":true,\"valueName\":\"search_term_string\"}}],\"inLanguage\":\"fr-FR\"},{\"@type\":\"Organization\",\"@id\":\"https:\\\/\\\/kos-info.com\\\/#organization\",\"name\":\"Kos-Info.com\",\"url\":\"https:\\\/\\\/kos-info.com\\\/\",\"logo\":{\"@type\":\"ImageObject\",\"inLanguage\":\"fr-FR\",\"@id\":\"https:\\\/\\\/kos-info.com\\\/#\\\/schema\\\/logo\\\/image\\\/\",\"url\":\"https:\\\/\\\/kos-info.com\\\/wp-content\\\/uploads\\\/2025\\\/07\\\/BCO.eba4d019-dcf8-45b7-8004-8c1a022b03d0.png\",\"contentUrl\":\"https:\\\/\\\/kos-info.com\\\/wp-content\\\/uploads\\\/2025\\\/07\\\/BCO.eba4d019-dcf8-45b7-8004-8c1a022b03d0.png\",\"width\":1024,\"height\":1024,\"caption\":\"Kos-Info.com\"},\"image\":{\"@id\":\"https:\\\/\\\/kos-info.com\\\/#\\\/schema\\\/logo\\\/image\\\/\"}}]}<\/script>\n<!-- \/ Yoast SEO plugin. -->","yoast_head_json":{"title":"Privacy Policy - Kos-Info.com","robots":{"index":"index","follow":"follow","max-snippet":"max-snippet:-1","max-image-preview":"max-image-preview:large","max-video-preview":"max-video-preview:-1"},"canonical":"https:\/\/kos-info.com\/fr\/about\/privacy-policy\/","og_locale":"fr_FR","og_type":"article","og_title":"Privacy Policy - Kos-Info.com","og_description":"Who we are Our website address is: http:\/\/kos-info.com. We provide advice on Kos transportation and related topics. The provided information should always be checked with the local transportation companies and the drivers. Kos-Info.com accepts no liability for any issue or incident caused by the provided info. Users are invited to contact the relevant transport company...","og_url":"https:\/\/kos-info.com\/fr\/about\/privacy-policy\/","og_site_name":"Kos-Info.com","article_modified_time":"2025-07-21T12:59:50+00:00","twitter_card":"summary_large_image","twitter_misc":{"Dur\u00e9e de lecture estim\u00e9e":"1 minute"},"schema":{"@context":"https:\/\/schema.org","@graph":[{"@type":"WebPage","@id":"https:\/\/kos-info.com\/about\/privacy-policy\/","url":"https:\/\/kos-info.com\/about\/privacy-policy\/","name":"Privacy Policy - Kos-Info.com","isPartOf":{"@id":"https:\/\/kos-info.com\/#website"},"datePublished":"2025-07-19T20:45:47+00:00","dateModified":"2025-07-21T12:59:50+00:00","breadcrumb":{"@id":"https:\/\/kos-info.com\/about\/privacy-policy\/#breadcrumb"},"inLanguage":"fr-FR","potentialAction":[{"@type":"ReadAction","target":["https:\/\/kos-info.com\/about\/privacy-policy\/"]}]},{"@type":"BreadcrumbList","@id":"https:\/\/kos-info.com\/about\/privacy-policy\/#breadcrumb","itemListElement":[{"@type":"ListItem","position":1,"name":"Home","item":"https:\/\/kos-info.com\/"},{"@type":"ListItem","position":2,"name":"About us","item":"https:\/\/kos-info.com\/about\/"},{"@type":"ListItem","position":3,"name":"Privacy Policy"}]},{"@type":"WebSite","@id":"https:\/\/kos-info.com\/#website","url":"https:\/\/kos-info.com\/","name":"Kos-Info.com","description":"Votre guide des transports publics \u00e0 Kos","publisher":{"@id":"https:\/\/kos-info.com\/#organization"},"potentialAction":[{"@type":"SearchAction","target":{"@type":"EntryPoint","urlTemplate":"https:\/\/kos-info.com\/?s={search_term_string}"},"query-input":{"@type":"PropertyValueSpecification","valueRequired":true,"valueName":"search_term_string"}}],"inLanguage":"fr-FR"},{"@type":"Organization","@id":"https:\/\/kos-info.com\/#organization","name":"Kos-Info.com","url":"https:\/\/kos-info.com\/","logo":{"@type":"ImageObject","inLanguage":"fr-FR","@id":"https:\/\/kos-info.com\/#\/schema\/logo\/image\/","url":"https:\/\/kos-info.com\/wp-content\/uploads\/2025\/07\/BCO.eba4d019-dcf8-45b7-8004-8c1a022b03d0.png","contentUrl":"https:\/\/kos-info.com\/wp-content\/uploads\/2025\/07\/BCO.eba4d019-dcf8-45b7-8004-8c1a022b03d0.png","width":1024,"height":1024,"caption":"Kos-Info.com"},"image":{"@id":"https:\/\/kos-info.com\/#\/schema\/logo\/image\/"}}]}},"_links":{"self":[{"href":"https:\/\/kos-info.com\/fr\/wp-json\/wp\/v2\/pages\/3","targetHints":{"allow":["GET"]}}],"collection":[{"href":"https:\/\/kos-info.com\/fr\/wp-json\/wp\/v2\/pages"}],"about":[{"href":"https:\/\/kos-info.com\/fr\/wp-json\/wp\/v2\/types\/page"}],"author":[{"embeddable":true,"href":"https:\/\/kos-info.com\/fr\/wp-json\/wp\/v2\/users\/1"}],"replies":[{"embeddable":true,"href":"https:\/\/kos-info.com\/fr\/wp-json\/wp\/v2\/comments?post=3"}],"version-history":[{"count":3,"href":"https:\/\/kos-info.com\/fr\/wp-json\/wp\/v2\/pages\/3\/revisions"}],"predecessor-version":[{"id":86,"href":"https:\/\/kos-info.com\/fr\/wp-json\/wp\/v2\/pages\/3\/revisions\/86"}],"up":[{"embeddable":true,"href":"https:\/\/kos-info.com\/fr\/wp-json\/wp\/v2\/pages\/2"}],"wp:attachment":[{"href":"https:\/\/kos-info.com\/fr\/wp-json\/wp\/v2\/media?parent=3"}],"curies":[{"name":"wp","href":"https:\/\/api.w.org\/{rel}","templated":true}]}}